{"id":3417,"date":"2019-01-07T22:42:16","date_gmt":"2019-01-07T21:42:16","guid":{"rendered":"https:\/\/www.tennis-and-more.de\/secure\/?page_id=3417"},"modified":"2025-07-16T11:22:55","modified_gmt":"2025-07-16T09:22:55","slug":"herzlich-willkommen","status":"publish","type":"page","link":"https:\/\/www.tennis-and-more.de\/secure\/","title":{"rendered":"Herzlich Willkommen"},"content":{"rendered":"\n<p class=\"has-large-font-size\">Herzlich Willkommen<\/p>\n\n\n\n<p>Die Tennisschule Tennis and more ist seit \u00fcber 25 Jahren ein kompetenter Ansprechpartner rund um den Tennisball.<\/p>\n\n\n\n<p>Wir z\u00e4hlen zu den\ngr\u00f6\u00dften&nbsp; Tennisschulen am Hochrhein und\nbieten Ihnen ein umfangreiches Angebot an.<\/p>\n\n\n\n<p>Unser Programm\numfasst Tenniskurse vom Anf\u00e4nger bis zum Turnierspieler&nbsp; aller Altersklassen in Einzel- oder\nGruppentraining. <\/p>\n\n\n\n<p>Als konstanter Partner verschiedener Tennisvereine der Region liegt unser Hauptschwerpunkt auf einer professionellen Vereins- bzw. Jugendarbeit.<\/p>\n\n\n\n<p>Nicht zuletzt sind\nwir erfolgreicher Anbieter von Trainingswochenenden, Camps&nbsp; und \u2013Tennisreisen.&nbsp; <\/p>\n\n\n\n<p>Wir als\nReiseveranstalter bieten ihnen einen Komplett-Service in puncto Tennisurlaub an.<\/p>\n\n\n\n<p>Haben wir Ihr\nInteresse geweckt?<\/p>\n\n\n\n<p>Unser\nqualifiziertes und hochmotiviertes Trainerteam erwartet Sie!<br>\n<br>\n<\/p>\n","protected":false},"excerpt":{"rendered":"<p>Herzlich Willkommen Die Tennisschule Tennis and more ist seit \u00fcber 25 Jahren ein kompetenter Ansprechpartner rund um den Tennisball. Wir z\u00e4hlen zu den gr\u00f6\u00dften&nbsp; Tennisschulen am Hochrhein und bieten Ihnen ein umfangreiches Angebot an. Unser Programm umfasst Tenniskurse vom Anf\u00e4nger bis zum Turnierspieler&nbsp; aller Altersklassen in Einzel- oder Gruppentraining. Als konstanter Partner verschiedener Tennisvereine der [&hellip;]<\/p>\n","protected":false},"author":1,"featured_media":0,"parent":0,"menu_order":0,"comment_status":"closed","ping_status":"closed","template":"","meta":{"footnotes":""},"class_list":["post-3417","page","type-page","status-publish","hentry"],"_links":{"self":[{"href":"https:\/\/www.tennis-and-more.de\/secure\/wp-json\/wp\/v2\/pages\/3417","targetHints":{"allow":["GET"]}}],"collection":[{"href":"https:\/\/www.tennis-and-more.de\/secure\/wp-json\/wp\/v2\/pages"}],"about":[{"href":"https:\/\/www.tennis-and-more.de\/secure\/wp-json\/wp\/v2\/types\/page"}],"author":[{"embeddable":true,"href":"https:\/\/www.tennis-and-more.de\/secure\/wp-json\/wp\/v2\/users\/1"}],"replies":[{"embeddable":true,"href":"https:\/\/www.tennis-and-more.de\/secure\/wp-json\/wp\/v2\/comments?post=3417"}],"version-history":[{"count":5,"href":"https:\/\/www.tennis-and-more.de\/secure\/wp-json\/wp\/v2\/pages\/3417\/revisions"}],"predecessor-version":[{"id":4155,"href":"https:\/\/www.tennis-and-more.de\/secure\/wp-json\/wp\/v2\/pages\/3417\/revisions\/4155"}],"wp:attachment":[{"href":"https:\/\/www.tennis-and-more.de\/secure\/wp-json\/wp\/v2\/media?parent=3417"}],"curies":[{"name":"wp","href":"https:\/\/api.w.org\/{rel}","templated":true}]}}