{"id":3473,"date":"2019-01-11T13:59:22","date_gmt":"2019-01-11T12:59:22","guid":{"rendered":"https:\/\/www.tennis-and-more.de\/secure\/?page_id=3473"},"modified":"2026-04-21T12:37:43","modified_gmt":"2026-04-21T10:37:43","slug":"preise","status":"publish","type":"page","link":"https:\/\/www.tennis-and-more.de\/secure\/preise\/","title":{"rendered":"Preise"},"content":{"rendered":"\n<h2 class=\"wp-block-heading\">Sommertraining Preise 2026<\/h2>\n\n\n\n<figure class=\"wp-block-table is-style-regular\"><table class=\"has-fixed-layout\"><tbody><tr><td><strong>Hauptamtliche Trainer<\/strong><\/td><td><strong>Nebenberufliche Trainer<\/strong><\/td><\/tr><tr><td>Einzeltraining: 58,00 EUR<br><br>Gruppentraining <br>2-er, 10er Karte a 60 min <br>320 EUR<br><br>3-er, 10er Karte a 60 min<br>230 EUR<br><br>4-er, 10er Karte a 60min<br>185 EUR<\/td><td><br>Einzeltraining: 48,00 EUR<br><br>Gruppentraining <br>2-er, 10er Karte a 60 min <br>270 EUR<br><br>3-er, 10er Karte a 60 min<br>195 EUR<br><br>4-er, 10er Karte a 60min<br>160 EUR <br>\u00a0<\/td><\/tr><\/tbody><\/table><\/figure>\n\n\n\n<h2 class=\"wp-block-heading\">Wintertraining Preise 2025-2026<\/h2>\n\n\n\n<figure class=\"wp-block-table is-style-regular\"><table class=\"has-fixed-layout\"><tbody><tr><td><strong>Hauptamtliche Trainer<\/strong><\/td><td><strong>Nebenberufliche Trainer<\/strong><\/td><\/tr><tr><td><br>Einzeltraining: 77,00 EUR<br><br>Gruppentraining <br>2-er, 10er Karte a 60 min <br>400 EUR<br><br>3-er, 10er Karte a 60 min<br>270 EUR<br><br>4-er, 10er Karte a 60min<br>220 EUR<\/td><td><br>Einzeltraining: 67,00 EUR<br><br>Gruppentraining <br>2-er, 10er Karte a 60 min <br>350 EUR<br><br>3-er, 10er Karte a 60 min<br>240 EUR<br><br>4-er, 10er Karte a 60min<br>195 EUR<\/td><\/tr><\/tbody><\/table><\/figure>\n\n\n\n<h2 class=\"wp-block-heading\"><\/h2>\n\n\n\n<p>Preise auf Anfrage: <a href=\"https:\/\/www.tennis-and-more.de\/secure\/kontakt\/\">Kontakt<\/a><\/p>\n\n\n\n<h2 class=\"wp-block-heading\">Sommertraining:<\/h2>\n\n\n\n<p>Beim Sommertraining, das auf den jeweiligen Anlagen in Eggingen und Erzingen stattfindet, gibt es f\u00fcr Nichtmitglieder unterschiedliche Bedingungen bzw. Regeln (z.B. Gastgeb\u00fchr). Diese k\u00f6nnen auf den jeweiligen Homepages der beiden Vereine eingesehen werden.<\/p>\n\n\n\n<h2 class=\"wp-block-heading\"><br>Preise Mannschaftstraining:<\/h2>\n\n\n\n<p>Preise auf Anfrage. Hier geht&#8217;s zum Kontaktformular: <a href=\"https:\/\/www.tennis-and-more.de\/secure\/kontakt\/\">Kontakt<\/a><\/p>\n","protected":false},"excerpt":{"rendered":"<p>Sommertraining Preise 2026 Hauptamtliche Trainer Nebenberufliche Trainer Einzeltraining: 58,00 EUR Gruppentraining 2-er, 10er Karte a 60 min 320 EUR 3-er, 10er Karte a 60 min230 EUR 4-er, 10er Karte a 60min185 EUR Einzeltraining: 48,00 EUR Gruppentraining 2-er, 10er Karte a 60 min 270 EUR 3-er, 10er Karte a 60 min195 EUR 4-er, 10er Karte a [&hellip;]<\/p>\n","protected":false},"author":3,"featured_media":0,"parent":0,"menu_order":0,"comment_status":"closed","ping_status":"closed","template":"","meta":{"footnotes":""},"class_list":["post-3473","page","type-page","status-publish","hentry"],"_links":{"self":[{"href":"https:\/\/www.tennis-and-more.de\/secure\/wp-json\/wp\/v2\/pages\/3473","targetHints":{"allow":["GET"]}}],"collection":[{"href":"https:\/\/www.tennis-and-more.de\/secure\/wp-json\/wp\/v2\/pages"}],"about":[{"href":"https:\/\/www.tennis-and-more.de\/secure\/wp-json\/wp\/v2\/types\/page"}],"author":[{"embeddable":true,"href":"https:\/\/www.tennis-and-more.de\/secure\/wp-json\/wp\/v2\/users\/3"}],"replies":[{"embeddable":true,"href":"https:\/\/www.tennis-and-more.de\/secure\/wp-json\/wp\/v2\/comments?post=3473"}],"version-history":[{"count":31,"href":"https:\/\/www.tennis-and-more.de\/secure\/wp-json\/wp\/v2\/pages\/3473\/revisions"}],"predecessor-version":[{"id":4167,"href":"https:\/\/www.tennis-and-more.de\/secure\/wp-json\/wp\/v2\/pages\/3473\/revisions\/4167"}],"wp:attachment":[{"href":"https:\/\/www.tennis-and-more.de\/secure\/wp-json\/wp\/v2\/media?parent=3473"}],"curies":[{"name":"wp","href":"https:\/\/api.w.org\/{rel}","templated":true}]}}