{"id":3402,"date":"2019-01-07T22:15:20","date_gmt":"2019-01-07T21:15:20","guid":{"rendered":"https:\/\/www.tennis-and-more.de\/secure\/?post_type=product&#038;p=3402"},"modified":"2022-11-03T16:12:25","modified_gmt":"2022-11-03T15:12:25","slug":"sonntagstreff","status":"publish","type":"product","link":"https:\/\/www.tennis-and-more.de\/secure\/kurs\/sonntagstreff\/","title":{"rendered":"Sonntagstreff f\u00fcr Kinder und Jugendliche \/ kostenloses Angebot"},"content":{"rendered":"<p>Der Sonntagstreff ist ein kostenloses Angebot f\u00fcr Kinder und Jugendliche aus den Kooperationsvereinen Eggingen und Erzingen und alle anderen, die bei Tennis and more trainieren.<\/p>\n<p>Der Sonntagstreff findet in der Regel dreimal in der Wintersaison statt.<\/p>\n<p>Die \u00c4lteren spielen &#8222;frei&#8220;, die J\u00fcngeren werden von Trainern der Tennisschule angeleitet.<\/p>\n<p>Die Hallenkosten werden von den Vereinen und der Tennisschule gleicherma\u00dfen \u00fcbernommen.<\/p>\n\n<div class=\"wpcf7 no-js\" id=\"wpcf7-f3708-o1\" lang=\"de-DE\" dir=\"ltr\" data-wpcf7-id=\"3708\">\n<div class=\"screen-reader-response\"><p role=\"status\" aria-live=\"polite\" aria-atomic=\"true\"><\/p> <ul><\/ul><\/div>\n<form action=\"\/secure\/wp-json\/wp\/v2\/product\/3402#wpcf7-f3708-o1\" method=\"post\" class=\"wpcf7-form init\" aria-label=\"Kontaktformular\" novalidate=\"novalidate\" data-status=\"init\">\n<fieldset class=\"hidden-fields-container\"><input type=\"hidden\" name=\"_wpcf7\" value=\"3708\" \/><input type=\"hidden\" name=\"_wpcf7_version\" value=\"6.1.5\" \/><input type=\"hidden\" name=\"_wpcf7_locale\" value=\"de_DE\" \/><input type=\"hidden\" name=\"_wpcf7_unit_tag\" value=\"wpcf7-f3708-o1\" \/><input type=\"hidden\" name=\"_wpcf7_container_post\" value=\"0\" \/><input type=\"hidden\" name=\"_wpcf7_posted_data_hash\" value=\"\" \/>\n<\/fieldset>\n<p>Anmeldung f\u00fcr: <span class=\"wpcf7-form-control-wrap\" data-name=\"kurs\"><select class=\"wpcf7-form-control wpcf7-select\" aria-invalid=\"false\" name=\"kurs\"><option value=\"Events\">Events<\/option><option value=\"Kinder-Tennistag\">Kinder-Tennistag<\/option><option value=\"Intensivtraining\">Intensivtraining<\/option><option value=\"Tennisreisen Albarella\">Tennisreisen Albarella<\/option><option value=\"Tennis and more Cup\">Tennis and more Cup<\/option><option value=\"Sommercamp 1\">Sommercamp 1<\/option><option value=\"Sommercamp 2\">Sommercamp 2<\/option><option value=\"Sommercamp 3\">Sommercamp 3<\/option><option value=\"Sommertraining\">Sommertraining<\/option><option value=\"Sommer-Vereinsjugendtraining\">Sommer-Vereinsjugendtraining<\/option><option value=\"Sonntagstreff\">Sonntagstreff<\/option><option value=\"Wintertraining\">Wintertraining<\/option><option value=\"Winter-Vereinsjugendtraining\">Winter-Vereinsjugendtraining<\/option><\/select><\/span>\n<\/p>\n<p><label> Vorname Nachname (ggf. Erziehungsberechtigter) (Pflichtfeld)<br \/>\n<span class=\"wpcf7-form-control-wrap\" data-name=\"VornameNachname\"><input size=\"40\" maxlength=\"400\" class=\"wpcf7-form-control wpcf7-text wpcf7-validates-as-required\" aria-required=\"true\" aria-invalid=\"false\" value=\"\" type=\"text\" name=\"VornameNachname\" \/><\/span> <\/label><br \/>\n<label> Strasse (Pflichtfeld)<br \/>\n<span class=\"wpcf7-form-control-wrap\" data-name=\"Strasse\"><input size=\"40\" maxlength=\"400\" class=\"wpcf7-form-control wpcf7-text wpcf7-validates-as-required\" aria-required=\"true\" aria-invalid=\"false\" value=\"\" type=\"text\" name=\"Strasse\" \/><\/span> <\/label><br \/>\n<label> PLZ und Ort (Pflichtfeld)<br \/>\n<span class=\"wpcf7-form-control-wrap\" data-name=\"PLZundOrt\"><input size=\"40\" maxlength=\"400\" class=\"wpcf7-form-control wpcf7-text wpcf7-validates-as-required\" aria-required=\"true\" aria-invalid=\"false\" value=\"\" type=\"text\" name=\"PLZundOrt\" \/><\/span> <\/label><br \/>\n<label> Telefon (Pflichtfeld)<br \/>\n<span class=\"wpcf7-form-control-wrap\" data-name=\"Telefon\"><input size=\"40\" maxlength=\"400\" class=\"wpcf7-form-control wpcf7-text wpcf7-validates-as-required\" aria-required=\"true\" aria-invalid=\"false\" value=\"\" type=\"text\" name=\"Telefon\" \/><\/span> <\/label>\n<\/p>\n<p><label> E-Mail-Adresse (Pflichtfeld)<br \/>\n<span class=\"wpcf7-form-control-wrap\" data-name=\"EMail\"><input size=\"40\" maxlength=\"400\" class=\"wpcf7-form-control wpcf7-email wpcf7-validates-as-required wpcf7-text wpcf7-validates-as-email\" aria-required=\"true\" aria-invalid=\"false\" value=\"\" type=\"email\" name=\"EMail\" \/><\/span> <\/label>\n<\/p>\n<p>Zus\u00e4tzliche Informationen:<br \/>\n<label> Vorname und Nachname des Kindes<br \/>\n<span class=\"wpcf7-form-control-wrap\" data-name=\"KindVornameNachname\"><input size=\"40\" maxlength=\"400\" class=\"wpcf7-form-control wpcf7-text\" aria-invalid=\"false\" value=\"\" type=\"text\" name=\"KindVornameNachname\" \/><\/span> <\/label><br \/>\n<label> Geburtsdatum<br \/>\n<span class=\"wpcf7-form-control-wrap\" data-name=\"Geburtsdatum\"><input size=\"40\" maxlength=\"400\" class=\"wpcf7-form-control wpcf7-text\" aria-invalid=\"false\" value=\"\" type=\"text\" name=\"Geburtsdatum\" \/><\/span><\/label><br \/>\n<label> T-Shirt Gr\u00f6\u00dfe (Abh\u00e4ngig vom Event-Typ ist ein T-Shirt enthalten)<br \/>\n<span class=\"wpcf7-form-control-wrap\" data-name=\"tshirt\"><input size=\"40\" maxlength=\"400\" class=\"wpcf7-form-control wpcf7-text\" aria-invalid=\"false\" value=\"\" type=\"text\" name=\"tshirt\" \/><\/span><\/label>\n<\/p>\n<p><label> Bemerkungen und W\u00fcnsche(Pflichtfeld)<br \/>\n<span class=\"wpcf7-form-control-wrap\" data-name=\"Bemerkungen\"><textarea cols=\"40\" rows=\"10\" maxlength=\"2000\" class=\"wpcf7-form-control wpcf7-textarea\" aria-invalid=\"false\" name=\"Bemerkungen\"><\/textarea><\/span> <\/label>\n<\/p>\n<p>AGB<br \/>\n<span class=\"wpcf7-form-control-wrap\" data-name=\"AGBAkzeptiert\"><span class=\"wpcf7-form-control wpcf7-acceptance\"><span class=\"wpcf7-list-item\"><label><input type=\"checkbox\" name=\"AGBAkzeptiert\" value=\"1\" aria-invalid=\"false\" \/><span class=\"wpcf7-list-item-label\">Ich habe die <a href=\"https:\/\/www.tennis-and-more.de\/secure\/agb\/\">AGB's<\/a> gelesen und akzeptiert<\/span><\/label><\/span><\/span><\/span>\n<\/p>\n<p><input class=\"wpcf7-form-control wpcf7-submit has-spinner\" type=\"submit\" value=\"Verbindlich Anmelden\" \/>\n<\/p><div class=\"wpcf7-response-output\" aria-hidden=\"true\"><\/div>\n<\/form>\n<\/div>\n\n","protected":false},"excerpt":{"rendered":"<p>Der Sonntagstreff ist ein kostenloses Angebot f\u00fcr Kinder und Jugendliche aus den Kooperationsvereinen Eggingen und Erzingen und alle anderen, die bei Tennis and more trainieren. Der Sonntagstreff findet in der Regel dreimal in der Wintersaison statt. Die \u00c4lteren spielen &#8222;frei&#8220;, die J\u00fcngeren werden von Trainern der Tennisschule angeleitet. Die Hallenkosten werden von den Vereinen und [&hellip;]<\/p>\n","protected":false},"featured_media":3670,"template":"","meta":[],"class_list":["post-3402","product","type-product","status-publish","has-post-thumbnail","hentry","product_cat-sonntagstreff","product_tag-sonntag"],"_links":{"self":[{"href":"https:\/\/www.tennis-and-more.de\/secure\/wp-json\/wp\/v2\/product\/3402","targetHints":{"allow":["GET"]}}],"collection":[{"href":"https:\/\/www.tennis-and-more.de\/secure\/wp-json\/wp\/v2\/product"}],"about":[{"href":"https:\/\/www.tennis-and-more.de\/secure\/wp-json\/wp\/v2\/types\/product"}],"wp:featuredmedia":[{"embeddable":true,"href":"https:\/\/www.tennis-and-more.de\/secure\/wp-json\/wp\/v2\/media\/3670"}],"wp:attachment":[{"href":"https:\/\/www.tennis-and-more.de\/secure\/wp-json\/wp\/v2\/media?parent=3402"}],"curies":[{"name":"wp","href":"https:\/\/api.w.org\/{rel}","templated":true}]}}