{"id":3431,"date":"2019-01-10T17:20:59","date_gmt":"2019-01-10T16:20:59","guid":{"rendered":"https:\/\/www.tennis-and-more.de\/secure\/?post_type=product&#038;p=3431"},"modified":"2021-06-07T21:55:55","modified_gmt":"2021-06-07T19:55:55","slug":"sommertraining","status":"publish","type":"product","link":"https:\/\/www.tennis-and-more.de\/secure\/kurs\/sommertraining\/","title":{"rendered":"Sommertraining"},"content":{"rendered":"<p>Professionelles Tennistraining vom Anf\u00e4nger bis zum Turnierspieler aller Altersklassen<\/p>\n<p>Wir bieten Training f\u00fcr jeden Geschmack: vom Anf\u00e4nger, Fortgeschrittenen, bis zum Turnierspieler.<br \/>\nErwachsene, Jugendliche und Kinder haben die M\u00f6glichkeit in einem Einzel- oder Gruppenunterricht zu trainieren.<br \/>\nF\u00fcr leistungsorientiertere SpielerInnen (Turnierspieler) bieten wir die M\u00f6glichkeit zweimal bzw. mehrmals pro Woche zu trainieren.<\/p>\n<p>Das Tennistraining richtet sich nach den Richtlinien des DTB.<br \/>\nWir unterrichten nach den neuesten Erkenntnissen und den modernsten Methoden.<\/p>\n<p>Das Sommertraining findet \u00fcberwiegend auf den Anlagen unserer Kooperationspartner TC Eggingen und TC Erzingen statt.<\/p>\n<hr \/>\n\n<div class=\"wpcf7 no-js\" id=\"wpcf7-f3708-o1\" lang=\"de-DE\" dir=\"ltr\" data-wpcf7-id=\"3708\">\n<div class=\"screen-reader-response\"><p role=\"status\" aria-live=\"polite\" aria-atomic=\"true\"><\/p> <ul><\/ul><\/div>\n<form action=\"\/secure\/wp-json\/wp\/v2\/product\/3431#wpcf7-f3708-o1\" method=\"post\" class=\"wpcf7-form init\" aria-label=\"Kontaktformular\" novalidate=\"novalidate\" data-status=\"init\">\n<fieldset class=\"hidden-fields-container\"><input type=\"hidden\" name=\"_wpcf7\" value=\"3708\" \/><input type=\"hidden\" name=\"_wpcf7_version\" value=\"6.1.5\" \/><input type=\"hidden\" name=\"_wpcf7_locale\" value=\"de_DE\" \/><input type=\"hidden\" name=\"_wpcf7_unit_tag\" value=\"wpcf7-f3708-o1\" \/><input type=\"hidden\" name=\"_wpcf7_container_post\" value=\"0\" \/><input type=\"hidden\" name=\"_wpcf7_posted_data_hash\" value=\"\" \/>\n<\/fieldset>\n<p>Anmeldung f\u00fcr: <span class=\"wpcf7-form-control-wrap\" data-name=\"kurs\"><select class=\"wpcf7-form-control wpcf7-select\" aria-invalid=\"false\" name=\"kurs\"><option value=\"Events\">Events<\/option><option value=\"Kinder-Tennistag\">Kinder-Tennistag<\/option><option value=\"Intensivtraining\">Intensivtraining<\/option><option value=\"Tennisreisen Albarella\">Tennisreisen Albarella<\/option><option value=\"Tennis and more Cup\">Tennis and more Cup<\/option><option value=\"Sommercamp 1\">Sommercamp 1<\/option><option value=\"Sommercamp 2\">Sommercamp 2<\/option><option value=\"Sommercamp 3\">Sommercamp 3<\/option><option value=\"Sommertraining\">Sommertraining<\/option><option value=\"Sommer-Vereinsjugendtraining\">Sommer-Vereinsjugendtraining<\/option><option value=\"Sonntagstreff\">Sonntagstreff<\/option><option value=\"Wintertraining\">Wintertraining<\/option><option value=\"Winter-Vereinsjugendtraining\">Winter-Vereinsjugendtraining<\/option><\/select><\/span>\n<\/p>\n<p><label> Vorname Nachname (ggf. Erziehungsberechtigter) (Pflichtfeld)<br \/>\n<span class=\"wpcf7-form-control-wrap\" data-name=\"VornameNachname\"><input size=\"40\" maxlength=\"400\" class=\"wpcf7-form-control wpcf7-text wpcf7-validates-as-required\" aria-required=\"true\" aria-invalid=\"false\" value=\"\" type=\"text\" name=\"VornameNachname\" \/><\/span> <\/label><br \/>\n<label> Strasse (Pflichtfeld)<br \/>\n<span class=\"wpcf7-form-control-wrap\" data-name=\"Strasse\"><input size=\"40\" maxlength=\"400\" class=\"wpcf7-form-control wpcf7-text wpcf7-validates-as-required\" aria-required=\"true\" aria-invalid=\"false\" value=\"\" type=\"text\" name=\"Strasse\" \/><\/span> <\/label><br \/>\n<label> PLZ und Ort (Pflichtfeld)<br \/>\n<span class=\"wpcf7-form-control-wrap\" data-name=\"PLZundOrt\"><input size=\"40\" maxlength=\"400\" class=\"wpcf7-form-control wpcf7-text wpcf7-validates-as-required\" aria-required=\"true\" aria-invalid=\"false\" value=\"\" type=\"text\" name=\"PLZundOrt\" \/><\/span> <\/label><br \/>\n<label> Telefon (Pflichtfeld)<br \/>\n<span class=\"wpcf7-form-control-wrap\" data-name=\"Telefon\"><input size=\"40\" maxlength=\"400\" class=\"wpcf7-form-control wpcf7-text wpcf7-validates-as-required\" aria-required=\"true\" aria-invalid=\"false\" value=\"\" type=\"text\" name=\"Telefon\" \/><\/span> <\/label>\n<\/p>\n<p><label> E-Mail-Adresse (Pflichtfeld)<br \/>\n<span class=\"wpcf7-form-control-wrap\" data-name=\"EMail\"><input size=\"40\" maxlength=\"400\" class=\"wpcf7-form-control wpcf7-email wpcf7-validates-as-required wpcf7-text wpcf7-validates-as-email\" aria-required=\"true\" aria-invalid=\"false\" value=\"\" type=\"email\" name=\"EMail\" \/><\/span> <\/label>\n<\/p>\n<p>Zus\u00e4tzliche Informationen:<br \/>\n<label> Vorname und Nachname des Kindes<br \/>\n<span class=\"wpcf7-form-control-wrap\" data-name=\"KindVornameNachname\"><input size=\"40\" maxlength=\"400\" class=\"wpcf7-form-control wpcf7-text\" aria-invalid=\"false\" value=\"\" type=\"text\" name=\"KindVornameNachname\" \/><\/span> <\/label><br \/>\n<label> Geburtsdatum<br \/>\n<span class=\"wpcf7-form-control-wrap\" data-name=\"Geburtsdatum\"><input size=\"40\" maxlength=\"400\" class=\"wpcf7-form-control wpcf7-text\" aria-invalid=\"false\" value=\"\" type=\"text\" name=\"Geburtsdatum\" \/><\/span><\/label><br \/>\n<label> T-Shirt Gr\u00f6\u00dfe (Abh\u00e4ngig vom Event-Typ ist ein T-Shirt enthalten)<br \/>\n<span class=\"wpcf7-form-control-wrap\" data-name=\"tshirt\"><input size=\"40\" maxlength=\"400\" class=\"wpcf7-form-control wpcf7-text\" aria-invalid=\"false\" value=\"\" type=\"text\" name=\"tshirt\" \/><\/span><\/label>\n<\/p>\n<p><label> Bemerkungen und W\u00fcnsche(Pflichtfeld)<br \/>\n<span class=\"wpcf7-form-control-wrap\" data-name=\"Bemerkungen\"><textarea cols=\"40\" rows=\"10\" maxlength=\"2000\" class=\"wpcf7-form-control wpcf7-textarea\" aria-invalid=\"false\" name=\"Bemerkungen\"><\/textarea><\/span> <\/label>\n<\/p>\n<p>AGB<br \/>\n<span class=\"wpcf7-form-control-wrap\" data-name=\"AGBAkzeptiert\"><span class=\"wpcf7-form-control wpcf7-acceptance\"><span class=\"wpcf7-list-item\"><label><input type=\"checkbox\" name=\"AGBAkzeptiert\" value=\"1\" aria-invalid=\"false\" \/><span class=\"wpcf7-list-item-label\">Ich habe die <a href=\"https:\/\/www.tennis-and-more.de\/secure\/agb\/\">AGB's<\/a> gelesen und akzeptiert<\/span><\/label><\/span><\/span><\/span>\n<\/p>\n<p><input class=\"wpcf7-form-control wpcf7-submit has-spinner\" type=\"submit\" value=\"Verbindlich Anmelden\" \/>\n<\/p><div class=\"wpcf7-response-output\" aria-hidden=\"true\"><\/div>\n<\/form>\n<\/div>\n\n<p>&nbsp;<\/p>\n","protected":false},"excerpt":{"rendered":"<p>Professionelles Tennistraining vom Anf\u00e4nger bis zum Turnierspieler aller Altersklassen Wir bieten Training f\u00fcr jeden Geschmack: vom Anf\u00e4nger, Fortgeschrittenen, bis zum Turnierspieler. Erwachsene, Jugendliche und Kinder haben die M\u00f6glichkeit in einem Einzel- oder Gruppenunterricht zu trainieren. F\u00fcr leistungsorientiertere SpielerInnen (Turnierspieler) bieten wir die M\u00f6glichkeit zweimal bzw. mehrmals pro Woche zu trainieren. Das Tennistraining richtet sich nach [&hellip;]<\/p>\n","protected":false},"featured_media":3681,"template":"","meta":[],"class_list":["post-3431","product","type-product","status-publish","has-post-thumbnail","hentry","product_cat-training"],"_links":{"self":[{"href":"https:\/\/www.tennis-and-more.de\/secure\/wp-json\/wp\/v2\/product\/3431","targetHints":{"allow":["GET"]}}],"collection":[{"href":"https:\/\/www.tennis-and-more.de\/secure\/wp-json\/wp\/v2\/product"}],"about":[{"href":"https:\/\/www.tennis-and-more.de\/secure\/wp-json\/wp\/v2\/types\/product"}],"wp:featuredmedia":[{"embeddable":true,"href":"https:\/\/www.tennis-and-more.de\/secure\/wp-json\/wp\/v2\/media\/3681"}],"wp:attachment":[{"href":"https:\/\/www.tennis-and-more.de\/secure\/wp-json\/wp\/v2\/media?parent=3431"}],"curies":[{"name":"wp","href":"https:\/\/api.w.org\/{rel}","templated":true}]}}